{"id":5172,"date":"2016-07-21T12:23:56","date_gmt":"2016-07-21T12:23:56","guid":{"rendered":"http:\/\/wpdemos.themezaa.com\/brando\/event\/?page_id=5172"},"modified":"2021-01-29T11:07:29","modified_gmt":"2021-01-29T11:07:29","slug":"aatuacao","status":"publish","type":"page","link":"https:\/\/teixeiratrigo.com\/eng\/aatuacao\/","title":{"rendered":"Areas of Expertise"},"content":{"rendered":"<section  id=\"home\" class=\"brando_row_1600940895-2-55 position-relative no-padding bg-image-srcset fix-background\" style=\"background: url(https:\/\/teixeiratrigo.com\/wp-content\/uploads\/2020\/09\/a\u0301reasdeatuac\u0327a\u0303oextra4.jpg) no-repeat;\" data-bg-srcset=\"https:\/\/teixeiratrigo.com\/wp-content\/uploads\/2020\/09\/a\u0301reasdeatuac\u0327a\u0303oextra4.jpg 1920w, https:\/\/teixeiratrigo.com\/wp-content\/uploads\/2020\/09\/a\u0301reasdeatuac\u0327a\u0303oextra4-300x156.jpg 300w, https:\/\/teixeiratrigo.com\/wp-content\/uploads\/2020\/09\/a\u0301reasdeatuac\u0327a\u0303oextra4-1024x533.jpg 1024w, https:\/\/teixeiratrigo.com\/wp-content\/uploads\/2020\/09\/a\u0301reasdeatuac\u0327a\u0303oextra4-768x400.jpg 768w, https:\/\/teixeiratrigo.com\/wp-content\/uploads\/2020\/09\/a\u0301reasdeatuac\u0327a\u0303oextra4-1536x800.jpg 1536w, https:\/\/teixeiratrigo.com\/wp-content\/uploads\/2020\/09\/a\u0301reasdeatuac\u0327a\u0303oextra4-420x219.jpg 420w, https:\/\/teixeiratrigo.com\/wp-content\/uploads\/2020\/09\/a\u0301reasdeatuac\u0327a\u0303oextra4-1200x625.jpg 1200w\"><div class=\"opacity-full\" style=\" opacity:0.2; background-color:#ff5940;\"><\/div><div class=\"container\"><div class=\"row\"><div class=\"wpb_column brando-column-container  full-screen vc_col-sm-12 vc_col-xs-12\" data-front-class=\"brando-column-container  full-screen\"><div class=\"vc-column-innner-wrapper\"><div class=\"wpd-innner-wrapper\"><div class=\"full-screen ajax-popup-title position-relative\"><div class=\"slider-typography text-center\"><div class=\"slider-text-middle-main\"><div class=\"slider-text-middle\"><span class=\"alt-font font-weight-700 white-text title-extra-large-3 text-uppercase display-block\" style=\"color:#ffffff !important\">AREAS OF EXPERTISE<\/span><\/div><\/div><\/div><\/div><\/div><\/div><\/div><\/div><\/div><\/section><section  id=\"about\" class=\"brando_row_1600355059-2-19 position-relative bg-image-srcset fix-background wow fadeIn\" style=\"background: url(https:\/\/teixeiratrigo.com\/wp-content\/uploads\/2020\/09\/a\u0301reasdeatuac\u0327a\u0303oextra8.jpg) no-repeat;\" data-bg-srcset=\"https:\/\/teixeiratrigo.com\/wp-content\/uploads\/2020\/09\/a\u0301reasdeatuac\u0327a\u0303oextra8.jpg 1920w, https:\/\/teixeiratrigo.com\/wp-content\/uploads\/2020\/09\/a\u0301reasdeatuac\u0327a\u0303oextra8-300x156.jpg 300w, https:\/\/teixeiratrigo.com\/wp-content\/uploads\/2020\/09\/a\u0301reasdeatuac\u0327a\u0303oextra8-1024x533.jpg 1024w, https:\/\/teixeiratrigo.com\/wp-content\/uploads\/2020\/09\/a\u0301reasdeatuac\u0327a\u0303oextra8-768x400.jpg 768w, https:\/\/teixeiratrigo.com\/wp-content\/uploads\/2020\/09\/a\u0301reasdeatuac\u0327a\u0303oextra8-1536x800.jpg 1536w, https:\/\/teixeiratrigo.com\/wp-content\/uploads\/2020\/09\/a\u0301reasdeatuac\u0327a\u0303oextra8-420x219.jpg 420w, https:\/\/teixeiratrigo.com\/wp-content\/uploads\/2020\/09\/a\u0301reasdeatuac\u0327a\u0303oextra8-1200x625.jpg 1200w\"><div class=\"container\"><div class=\"row\"><div class=\"wpb_column brando-column-container  vc_col-sm-12 vc_col-md-12 vc_col-xs-12 text-center margin-eight-bottom xs-margin-ten-bottom\" data-front-class=\"brando-column-container  text-center margin-eight-bottom xs-margin-ten-bottom\"><div class=\"vc-column-innner-wrapper\"><div class=\"wpd-innner-wrapper\"><h6 class=\"alt-font  heading-style12 no-margin brando_heading_1600350936-2-55\" style=\"color:#ffffff !important;\"><span class=\"bg-deep-green event-title-separator\" style=\"background:#ffffff !important; height:2px !important;\"><\/span>A GLOBAL APPROACH<\/h6>[vc_empty_space height=\"100px\"]<p class=\"p1\" style=\"color: white;\">For us, the only way to approach ventures is from a global perspective.<br \/>\nIn this way we actively collaborate in the design of functional, economical, and durable solutions.<\/p>\n<p>&nbsp;<\/p>\n<p class=\"p1\" style=\"color: white;\"><strong>Our activity focuses on several phases of the construction cycle:<\/strong><\/p>\n<\/div><\/div><\/div><\/div><\/div><\/section><section  id=\"speakers\" class=\"brando_row_1601230788-2-17 position-relative no-padding-bottom bg-image-srcset fix-background\" style=\"background: url(https:\/\/teixeiratrigo.com\/wp-content\/uploads\/2020\/09\/a\u0301reasdeatuac\u0327a\u0303oextra7.jpg) no-repeat;\" data-bg-srcset=\"https:\/\/teixeiratrigo.com\/wp-content\/uploads\/2020\/09\/a\u0301reasdeatuac\u0327a\u0303oextra7.jpg 1920w, https:\/\/teixeiratrigo.com\/wp-content\/uploads\/2020\/09\/a\u0301reasdeatuac\u0327a\u0303oextra7-300x156.jpg 300w, https:\/\/teixeiratrigo.com\/wp-content\/uploads\/2020\/09\/a\u0301reasdeatuac\u0327a\u0303oextra7-1024x533.jpg 1024w, https:\/\/teixeiratrigo.com\/wp-content\/uploads\/2020\/09\/a\u0301reasdeatuac\u0327a\u0303oextra7-768x400.jpg 768w, https:\/\/teixeiratrigo.com\/wp-content\/uploads\/2020\/09\/a\u0301reasdeatuac\u0327a\u0303oextra7-1536x800.jpg 1536w, https:\/\/teixeiratrigo.com\/wp-content\/uploads\/2020\/09\/a\u0301reasdeatuac\u0327a\u0303oextra7-420x219.jpg 420w, https:\/\/teixeiratrigo.com\/wp-content\/uploads\/2020\/09\/a\u0301reasdeatuac\u0327a\u0303oextra7-1200x625.jpg 1200w\"><div class=\"container\"><div class=\"row\"><div class=\"wpb_column brando-column-container brando_column_1602602261-2-25 vc_col-sm-12 vc_col-md-12 vc_col-xs-12 text-center md-text-center sm-text-center xs-text-center margin-five-tb xs-no-margin-top\" data-front-class=\"brando-column-container brando_column_1602602261-2-25 text-center md-text-center sm-text-center xs-text-center margin-five-tb xs-no-margin-top\"><div class=\"vc-column-innner-wrapper\"><div class=\"wpd-innner-wrapper\"><div class=\"panel-group accordion-style3\" id=\"1603453227\" ><div class=\"panel panel-default no-margin\"><div class=\"panel-heading\"><a data-toggle=\"collapse\" data-parent=\"#1603453227\" href=\"#accordion-one-link-1\"><h4 class=\"panel-title\" style=\"color:#ff5940 !important\">Integrated Project Management<span class=\"pull-right\"><i class=\"fas fa-plus\"><\/i><\/span><\/h4><\/a><\/div><div id=\"accordion-one-link-1\" class=\"panel-collapse collapse\"><div class=\"panel-body no-border margin-four-tb padding-two-all no-padding-lr md-margin-one-tb\">\r\n<ul>\r\n \t<li style=\"text-align: left;\">Economic and Financial Studies;<\/li>\r\n \t<li style=\"text-align: left;\">Preparation of basic programmes;<\/li>\r\n \t<li style=\"text-align: left;\">Land and building research;<\/li>\r\n \t<li style=\"text-align: left;\">Architecture and Urbanism Tenders;<\/li>\r\n \t<li style=\"text-align: left;\">Preparing Terms of Reference and Specifications for the choice of designers, contractors, etc.;<\/li>\r\n \t<li style=\"text-align: left;\">Analysis and negotiation of proposals;<\/li>\r\n \t<li style=\"text-align: left;\">Support in drafting contracts;<\/li>\r\n \t<li style=\"text-align: left;\">Monitoring and analysis, preparation or review of projects;<\/li>\r\n \t<li style=\"text-align: left;\">Licensing support and monitoring;<\/li>\r\n \t<li style=\"text-align: left;\">Cost estimates;<\/li>\r\n \t<li style=\"text-align: left;\">Analysis of compliance with the basic programme;<\/li>\r\n \t<li style=\"text-align: left;\">Project cost control;<\/li>\r\n \t<li style=\"text-align: left;\">Periodic information to the Promoter\/Investor\/Main Contractor;<\/li>\r\n \t<li style=\"text-align: left;\">Construction Management and Supervision.<\/li>\r\n<\/ul>\r\n<\/div><\/div><\/div><\/div><\/div><\/div><\/div><div class=\"wpb_column brando-column-container  vc_col-sm-4 col-xs-mobile-fullwidth\" data-front-class=\"brando-column-container  col-xs-mobile-fullwidth\"><div class=\"vc-column-innner-wrapper\"><div class=\"wpd-innner-wrapper\"><div class=\"panel-group toggles-style1\"  ><div class=\"panel panel-default no-margin\"><div class=\"panel-heading\"><a data-toggle=\"collapse\" data-parent=\"#1603453239\" href=\"#accordion-one-link-21\"><h4 class=\"panel-title\" style=\"color:#ff5940 !important\">Architecture<span class=\"pull-right\"><i class=\"fas fa-plus\"><\/i><\/span><\/h4><\/a><\/div><div id=\"accordion-one-link-21\" class=\"panel-collapse collapse\"><div class=\"panel-body no-border margin-four-tb padding-two-all no-padding-lr md-margin-one-tb\"><strong>From the basic programme to the execution <\/strong><strong>and assistance for projects and technical works of:<\/strong>\r\n<ul>\r\n \t<li>Buildings;<\/li>\r\n \t<li>Building restoration;<\/li>\r\n \t<li>Renovation of buildings;<\/li>\r\n \t<li>Exterior arrangements;<\/li>\r\n \t<li>Interior Design;<\/li>\r\n \t<li>Decoration and furniture;\r\n<strong>and also:<\/strong><\/li>\r\n \t<li>Review of Architectural projects;<\/li>\r\n \t<li>Architectural studies and reports on constructed buildings<\/li>\r\n<\/ul>\r\n<\/div><\/div><\/div><\/div><\/div><\/div><\/div><div class=\"wpb_column brando-column-container  vc_col-sm-4 col-xs-mobile-fullwidth\" data-front-class=\"brando-column-container  col-xs-mobile-fullwidth\"><div class=\"vc-column-innner-wrapper\"><div class=\"wpd-innner-wrapper\"><div class=\"panel-group toggles-style1\"  ><div class=\"panel panel-default no-margin\"><div class=\"panel-heading\"><a data-toggle=\"collapse\" data-parent=\"#1603453250\" href=\"#accordion-one-link-221\"><h4 class=\"panel-title\" style=\"color:#ff5940 !important\">Engineering<span class=\"pull-right\"><i class=\"fas fa-plus\"><\/i><\/span><\/h4><\/a><\/div><div id=\"accordion-one-link-221\" class=\"panel-collapse collapse\"><div class=\"panel-body no-border margin-four-tb padding-two-all no-padding-lr md-margin-one-tb\"><strong>Studies and projects on building structures, particularly new buildings or the structural restoration of existing buildings, in their various phases, namely:<\/strong>\r\n<ul>\r\n \t<li>\u00a0Projeto de funda\u00e7\u00f5es e estruturas:\r\n- Estruturas de bet\u00e3o armado e pr\u00e9-esfor\u00e7ado;\r\n- Estruturas met\u00e1licas e mistas;\r\n- Estruturas de madeira;\r\n- Estruturas de alvenaria;<\/li>\r\n \t<li>\u00a0Design of structures with basic seismic isolation;<\/li>\r\n \t<li>\u00a0Excavation and peripheral containment projects;<\/li>\r\n \t<li>\u00a0Demolition and fa\u00e7ade containment projects;<\/li>\r\n \t<li>\u00a0Drilling plans in construction;<\/li>\r\n \t<li>\u00a0Geotechnical drilling plans;<\/li>\r\n \t<li>\u00a0Seismic vulnerability assessment report;<\/li>\r\n \t<li>\u00a0Structural diagnosis report;<\/li>\r\n \t<li>\u00a0Review of structural designs;<\/li>\r\n \t<li>\u00a0Structural reports and studies on buildings or other constructions<\/li>\r\n<\/ul>\r\n&nbsp;\r\n\r\n<strong>We enjoy partnerships in several areas in order to prepare studies, projects, and project reviews in all areas of building engineering, namely:<\/strong>\r\n<ul>\r\n \t<li>\u00a0Design of installations, equipment and systems for water and sewage and fire services;<\/li>\r\n \t<li>\u00a0Design of electrical installations, equipment and systems;<\/li>\r\n \t<li>\u00a0Design of facilities, equipment and communications systems;<\/li>\r\n \t<li>\u00a0Design of heating, ventilation and air conditioning (HVAC) installations, equipment and systems;<\/li>\r\n \t<li>\u00a0Design of facilities, equipment and systems for transporting people and cargo;<\/li>\r\n \t<li>\u00a0Building fire safety projects (SCIE);<\/li>\r\n \t<li>\u00a0Integrated security projects;<\/li>\r\n \t<li>\u00a0Centralised technical management projects;<\/li>\r\n \t<li>\u00a0Study of thermal behaviour and energy certification;<\/li>\r\n \t<li>\u00a0Study of acoustic conditioning;<\/li>\r\n \t<li>\u00a0Health and safety plan in the design phase;<\/li>\r\n \t<li>\u00a0Construction and Demolition Waste Prevention and Management Plan (PPGRCD);<\/li>\r\n \t<li>\u00a0Landscape Architecture Projects;<\/li>\r\n \t<li>\u00a0Measurements and quotes.<\/li>\r\n<\/ul>\r\n<\/div><\/div><\/div><\/div><\/div><\/div><\/div><div class=\"wpb_column brando-column-container  vc_col-sm-4 col-xs-mobile-fullwidth\" data-front-class=\"brando-column-container  col-xs-mobile-fullwidth\"><div class=\"vc-column-innner-wrapper\"><div class=\"wpd-innner-wrapper\"><div class=\"panel-group toggles-style1\"  ><div class=\"panel panel-default no-margin\"><div class=\"panel-heading\"><a data-toggle=\"collapse\" data-parent=\"#1603453262\" href=\"#accordion-one-link-2221\"><h4 class=\"panel-title\" style=\"color:#ff5940 !important\">Construction Management<span class=\"pull-right\"><i class=\"fas fa-plus\"><\/i><\/span><\/h4><\/a><\/div><div id=\"accordion-one-link-2221\" class=\"panel-collapse collapse\"><div class=\"panel-body no-border margin-four-tb padding-two-all no-padding-lr md-margin-one-tb\">\r\n<ul>\r\n \t<li>Preparation of tenders for the selection of contractors;<\/li>\r\n \t<li>Analysis of proposals;<\/li>\r\n \t<li>Consideration of alternative proposals;<\/li>\r\n \t<li>Construction management, verification of the work plan and contracts;<\/li>\r\n \t<li>Supervision of works, control of deadlines, costs, and quality;<\/li>\r\n \t<li>Health and safety coordination;<\/li>\r\n \t<li>Monitoring of municipal licensing processes or with certifying entities;<\/li>\r\n \t<li>Final inspection and receipt of works;<\/li>\r\n \t<li>Monitoring of any adaptations and\/or changes;<\/li>\r\n \t<li>Periodic information to the Promoter\/Investor\/Main Contractor.<\/li>\r\n<\/ul>\r\n<\/div><\/div><\/div><\/div>[vc_empty_space][vc_empty_space]<\/div><\/div><\/div><\/div><\/div><\/section><section  id=\"sponsors\" class=\"brando_row_1600940926-2-44 position-relative bg-image-srcset cover-background\" style=\"background: url(https:\/\/teixeiratrigo.com\/wp-content\/uploads\/2020\/09\/a\u0301reasdeatuac\u0327a\u0303oextra9.jpg) no-repeat center bottom;\" data-bg-srcset=\"https:\/\/teixeiratrigo.com\/wp-content\/uploads\/2020\/09\/a\u0301reasdeatuac\u0327a\u0303oextra9.jpg 1920w, https:\/\/teixeiratrigo.com\/wp-content\/uploads\/2020\/09\/a\u0301reasdeatuac\u0327a\u0303oextra9-300x156.jpg 300w, https:\/\/teixeiratrigo.com\/wp-content\/uploads\/2020\/09\/a\u0301reasdeatuac\u0327a\u0303oextra9-1024x533.jpg 1024w, https:\/\/teixeiratrigo.com\/wp-content\/uploads\/2020\/09\/a\u0301reasdeatuac\u0327a\u0303oextra9-768x400.jpg 768w, https:\/\/teixeiratrigo.com\/wp-content\/uploads\/2020\/09\/a\u0301reasdeatuac\u0327a\u0303oextra9-1536x800.jpg 1536w, https:\/\/teixeiratrigo.com\/wp-content\/uploads\/2020\/09\/a\u0301reasdeatuac\u0327a\u0303oextra9-420x219.jpg 420w, https:\/\/teixeiratrigo.com\/wp-content\/uploads\/2020\/09\/a\u0301reasdeatuac\u0327a\u0303oextra9-1200x625.jpg 1200w\"><div class=\"opacity-full\" style=\" opacity:0.2; background-color:#ff5940;\"><\/div><div class=\"container\"><div class=\"row\"><div class=\"wpb_column brando-column-container  position-relative vc_col-sm-12 vc_col-md-3 vc_col-xs-12 text-center margin-three-bottom xs-margin-ten-bottom\" data-front-class=\"brando-column-container  position-relative text-center margin-three-bottom xs-margin-ten-bottom\"><div class=\"vc-column-innner-wrapper\"><div class=\"wpd-innner-wrapper\">[vc_empty_space height=\"100px\"]<\/div><\/div><\/div><\/div><\/div><\/section>","protected":false},"excerpt":{"rendered":"<p>\u00c1reas de Atua\u00e7\u00e3oUma abordagem global[vc_empty_space height=&#8221;100px&#8221;]Para no\u0301s, ha\u0301 uma so\u0301 forma de abordar os empreendimentos: de forma global. E\u0301 deste modo que colaboramos ativamente na concec\u0327a\u0303o de soluc\u0327o\u0303es funcionais, econo\u0301micas e dura\u0301veis. &nbsp; A nossa atividade incide em diversas fases do ciclo da construc\u0327a\u0303o: Gest\u00e3o Integrada de Empreendimentos da Constru\u00e7\u00e3o Estudos Econ\u00f3mico-Financeiros; Prepara\u00e7\u00e3o de programas [&hellip;]<\/p>","protected":false},"author":1,"featured_media":0,"parent":0,"menu_order":0,"comment_status":"closed","ping_status":"closed","template":"","meta":[],"_links":{"self":[{"href":"https:\/\/teixeiratrigo.com\/eng\/wp-json\/wp\/v2\/pages\/5172"}],"collection":[{"href":"https:\/\/teixeiratrigo.com\/eng\/wp-json\/wp\/v2\/pages"}],"about":[{"href":"https:\/\/teixeiratrigo.com\/eng\/wp-json\/wp\/v2\/types\/page"}],"author":[{"embeddable":true,"href":"https:\/\/teixeiratrigo.com\/eng\/wp-json\/wp\/v2\/users\/1"}],"replies":[{"embeddable":true,"href":"https:\/\/teixeiratrigo.com\/eng\/wp-json\/wp\/v2\/comments?post=5172"}],"version-history":[{"count":135,"href":"https:\/\/teixeiratrigo.com\/eng\/wp-json\/wp\/v2\/pages\/5172\/revisions"}],"predecessor-version":[{"id":9848,"href":"https:\/\/teixeiratrigo.com\/eng\/wp-json\/wp\/v2\/pages\/5172\/revisions\/9848"}],"wp:attachment":[{"href":"https:\/\/teixeiratrigo.com\/eng\/wp-json\/wp\/v2\/media?parent=5172"}],"curies":[{"name":"wp","href":"https:\/\/api.w.org\/{rel}","templated":true}]}}