{"id":5654,"date":"2016-07-21T12:23:56","date_gmt":"2016-07-21T12:23:56","guid":{"rendered":"http:\/\/wpdemos.themezaa.com\/brando\/event\/?page_id=5172"},"modified":"2021-01-29T11:07:55","modified_gmt":"2021-01-29T11:07:55","slug":"publicacoes","status":"publish","type":"page","link":"https:\/\/teixeiratrigo.com\/eng\/publicacoes\/","title":{"rendered":"publica\u00e7\u00f5es"},"content":{"rendered":"<section  id=\"home\" class=\"brando_row_1600945295-2-98 position-relative no-padding bg-image-srcset fix-background\" style=\"background: url(https:\/\/teixeiratrigo.com\/wp-content\/uploads\/2020\/09\/publicac\u0327o\u0303es1.jpg) no-repeat;\" data-bg-srcset=\"https:\/\/teixeiratrigo.com\/wp-content\/uploads\/2020\/09\/publicac\u0327o\u0303es1.jpg 1920w, https:\/\/teixeiratrigo.com\/wp-content\/uploads\/2020\/09\/publicac\u0327o\u0303es1-300x156.jpg 300w, https:\/\/teixeiratrigo.com\/wp-content\/uploads\/2020\/09\/publicac\u0327o\u0303es1-1024x533.jpg 1024w, https:\/\/teixeiratrigo.com\/wp-content\/uploads\/2020\/09\/publicac\u0327o\u0303es1-768x400.jpg 768w, https:\/\/teixeiratrigo.com\/wp-content\/uploads\/2020\/09\/publicac\u0327o\u0303es1-1536x800.jpg 1536w, https:\/\/teixeiratrigo.com\/wp-content\/uploads\/2020\/09\/publicac\u0327o\u0303es1-420x219.jpg 420w, https:\/\/teixeiratrigo.com\/wp-content\/uploads\/2020\/09\/publicac\u0327o\u0303es1-1200x625.jpg 1200w\"><div class=\"opacity-full\" style=\" opacity:0.3; background-color:#ff5940;\"><\/div><div class=\"container\"><div class=\"row\"><div class=\"wpb_column brando-column-container  full-screen vc_col-sm-12 vc_col-xs-12\" data-front-class=\"brando-column-container  full-screen\"><div class=\"vc-column-innner-wrapper\"><div class=\"wpd-innner-wrapper\"><div class=\"full-screen ajax-popup-title position-relative\"><div class=\"slider-typography text-center\"><div class=\"slider-text-middle-main\"><div class=\"slider-text-middle\"><h2 style=\"font size: 40px; color: white;\"><strong>Publications<\/strong><\/h2>\n<\/div><\/div><\/div><\/div><\/div><\/div><\/div><\/div><\/div><\/section><section id=\"about\" class=\"brando_row_1601235515-2-30 position-relative wow fadeIn\" style=\"background-color:#ff5940;\"><div class=\"container\"><div class=\"row\"><div class=\"wpb_column brando-column-container  vc_col-sm-12 vc_col-md-12 vc_col-xs-12 text-center margin-eight-bottom xs-margin-ten-bottom\" data-front-class=\"brando-column-container  text-center margin-eight-bottom xs-margin-ten-bottom\"><div class=\"vc-column-innner-wrapper\"><div class=\"wpd-innner-wrapper\"><h6 class=\"alt-font  heading-style12 no-margin brando_heading_1600938558-2-8\" style=\"color:#ffffff !important;\"><span class=\"bg-deep-green event-title-separator brando-font-setting-69dff58eecbb2\" style=\"background:#ffffff !important; height:2px !important;\"><\/span>PAPER PRESENTATIONS & CASE STUDIES<\/h6><\/div><\/div><\/div><div class=\"wpb_column brando-column-container  vc_col-sm-6 col-xs-mobile-fullwidth\" data-front-class=\"brando-column-container  col-xs-mobile-fullwidth\"><div class=\"vc-column-innner-wrapper\"><div class=\"wpd-innner-wrapper\"><div class=\"panel-group toggles-style1\"  ><div class=\"panel panel-default no-margin\"><div class=\"panel-heading\"><a data-toggle=\"collapse\" data-parent=\"#1603319364\" href=\"#accordion-one-link-1\"><h4 class=\"panel-title\">\"Application of Base Insulation in Existing Buildings\".<span class=\"pull-right\"><i class=\"fas fa-plus\"><\/i><\/span><\/h4><\/a><\/div><div id=\"accordion-one-link-1\" class=\"panel-collapse collapse\"><div class=\"panel-body no-border margin-four-tb padding-two-all no-padding-lr md-margin-one-tb\"><\/p>\n<ul>\n<li><span style=\"font-weight: 400;\">\u201cAplica\u00e7\u00e3o de Isolamento de Base em Edif\u00edcios Existentes\u201d. Comunica\u00e7\u00e3o no Semin\u00e1rio Engenharia S\u00edsmica 2019 organizado conjuntamente pela SPES, LNEC e Pretensa. Novembro de 2019.<\/span><\/li>\n<\/ul>\n<p>&nbsp;<\/p>\n<p><a href=\"https:\/\/drive.google.com\/file\/d\/1umq2MxLXO5Ndprm9nm3nYAprOtHXiOyk\/view?usp=sharing\" target=\"_blank\" rel=\"noopener noreferrer\"><strong>Download<\/strong><\/a><\/div><\/div><\/div><\/div><div class=\"panel-group toggles-style1\"  ><div class=\"panel panel-default no-margin\"><div class=\"panel-heading\"><a data-toggle=\"collapse\" data-parent=\"#1603319364\" href=\"#accordion-one-link-21\"><h4 class=\"panel-title\">\u201cStructural rehabilitation of buildings\u201d<span class=\"pull-right\"><i class=\"fas fa-plus\"><\/i><\/span><\/h4><\/a><\/div><div id=\"accordion-one-link-21\" class=\"panel-collapse collapse\"><div class=\"panel-body no-border margin-four-tb padding-two-all no-padding-lr md-margin-one-tb\"><\/p>\n<ul>\n<li style=\"font-weight: 400;\"><span style=\"font-weight: 400;\">\u201cReabilita\u00e7\u00e3o Estrutural de edif\u00edcios\u201d. Comunica\u00e7\u00e3o ao RIE 2018 - VII Jornada de Reabilita\u00e7\u00e3o de Infraestruturas e de Edif\u00edcios. Universidade Lus\u00f3fona. Junho de 2018.<\/span><\/li>\n<\/ul>\n<p>&nbsp;<\/p>\n<p><a href=\"https:\/\/drive.google.com\/file\/d\/1A8jtDsWBAxrIXD4_iB_kf430IWZjqT5y\/view?usp=sharing\" target=\"_blank\" rel=\"noopener noreferrer\"><strong>Download<\/strong><\/a><\/div><\/div><\/div><\/div><div class=\"panel-group toggles-style1\"  ><div class=\"panel panel-default no-margin\"><div class=\"panel-heading\"><a data-toggle=\"collapse\" data-parent=\"#1603319364\" href=\"#accordion-one-link-221\"><h4 class=\"panel-title\">\u201cBuilding on 14 to 18 Capelo Street\u201d<span class=\"pull-right\"><i class=\"fas fa-plus\"><\/i><\/span><\/h4><\/a><\/div><div id=\"accordion-one-link-221\" class=\"panel-collapse collapse\"><div class=\"panel-body no-border margin-four-tb padding-two-all no-padding-lr md-margin-one-tb\"><\/p>\n<ul>\n<li style=\"font-weight: 400;\"><span style=\"font-weight: 400;\">\u201cEdif\u00edcio na Rua Capelo 14 a 18\u201d Reconstru\u00e7\u00e3o de edif\u00edcio com a manuten\u00e7\u00e3o das fachadas e ocupa\u00e7\u00e3o em cave do logradouro obrigando \u00e0 suspens\u00e3o provis\u00f3ria da fachada de tardoz. Artigo revista GPBE 2013.<\/span><\/li>\n<\/ul>\n<p>&nbsp;<\/p>\n<p><a href=\"https:\/\/drive.google.com\/file\/d\/1r4JX8VTarH-LEikDtwOYuvQ0-NBm8biv\/view?usp=sharing\" target=\"_blank\" rel=\"noopener noreferrer\"><strong>Download<\/strong><\/a><\/div><\/div><\/div><\/div><div class=\"panel-group toggles-style1\"  ><div class=\"panel panel-default no-margin\"><div class=\"panel-heading\"><a data-toggle=\"collapse\" data-parent=\"#1603319364\" href=\"#accordion-one-link-2221\"><h4 class=\"panel-title\">\u201cD. Filipa de Lencastre School Group, Lisbon\u201d<span class=\"pull-right\"><i class=\"fas fa-plus\"><\/i><\/span><\/h4><\/a><\/div><div id=\"accordion-one-link-2221\" class=\"panel-collapse collapse\"><div class=\"panel-body no-border margin-four-tb padding-two-all no-padding-lr md-margin-one-tb\"><\/p>\n<ul>\n<li style=\"font-weight: 400;\"><span style=\"font-weight: 400;\">\u201cAgrupamento de Escolas de D. Filipa de Lencastre, Lisboa\u201d, artigo inserido no livro \u201cRefor\u00e7o s\u00edsmico de edif\u00edcios escolares\u201d. Parque Escolar, EPE. 2011.<\/span><\/li>\n<\/ul>\n<p>&nbsp;<\/p>\n<p><a href=\"https:\/\/drive.google.com\/file\/d\/17EFY37JAK7Id9F2kB6pJ9UodcWkcCe4O\/view?usp=sharing\" target=\"_blank\" rel=\"noopener noreferrer\"><strong>Download<\/strong><\/a><\/div><\/div><\/div><\/div><div class=\"panel-group toggles-style1\"  ><div class=\"panel panel-default no-margin\"><div class=\"panel-heading\"><a data-toggle=\"collapse\" data-parent=\"#1603319364\" href=\"#accordion-one-link-22221\"><h4 class=\"panel-title\">\u201cDiogo de Gouveia School, Beja\u201d<span class=\"pull-right\"><i class=\"fas fa-plus\"><\/i><\/span><\/h4><\/a><\/div><div id=\"accordion-one-link-22221\" class=\"panel-collapse collapse\"><div class=\"panel-body no-border margin-four-tb padding-two-all no-padding-lr md-margin-one-tb\"><\/p>\n<ul>\n<li style=\"font-weight: 400;\"><span style=\"font-weight: 400;\">\u201cEscola Diogo de Gouveia, Beja\u201d artigo para candidatura ao Pr\u00e9mio Secil de Engenharia Civil 2011.<\/span><\/li>\n<\/ul>\n<p>&nbsp;<\/p>\n<p><a href=\"https:\/\/drive.google.com\/file\/d\/1llXrdZ6Pad2erZ9T-mH3xZPPybjXl8bD\/view?usp=sharing\" target=\"_blank\" rel=\"noopener noreferrer\"><strong>Download<\/strong><\/a><\/div><\/div><\/div><\/div><div class=\"panel-group toggles-style1\"  ><div class=\"panel panel-default no-margin\"><div class=\"panel-heading\"><a data-toggle=\"collapse\" data-parent=\"#1603319364\" href=\"#accordion-one-link-222221\"><h4 class=\"panel-title\">\u201cPedro Nunes Secondary School, Lisbon\u201d<span class=\"pull-right\"><i class=\"fas fa-plus\"><\/i><\/span><\/h4><\/a><\/div><div id=\"accordion-one-link-222221\" class=\"panel-collapse collapse\"><div class=\"panel-body no-border margin-four-tb padding-two-all no-padding-lr md-margin-one-tb\"><\/p>\n<ul>\n<li style=\"font-weight: 400;\"><span style=\"font-weight: 400;\">\u201cEscola Secund\u00e1ria de Pedro Nunes, Lisboa\u201d artigo inserido na o livro \u201cRefor\u00e7o s\u00edsmico de edif\u00edcios escolares\u201d. Parque Escolar, EPE. 2011.<\/span><\/li>\n<\/ul>\n<p>&nbsp;<\/p>\n<p><a href=\"https:\/\/drive.google.com\/file\/d\/1kdeYor3b-j2eYB_mukC5E2G9ruitjO0B\/view?usp=sharing\" target=\"_blank\" rel=\"noopener noreferrer\"><strong>Download<\/strong><\/a><\/div><\/div><\/div><\/div><div class=\"panel-group toggles-style1\"  ><div class=\"panel panel-default no-margin\"><div class=\"panel-heading\"><a data-toggle=\"collapse\" data-parent=\"#1603319364\" href=\"#accordion-one-link-2222221\"><h4 class=\"panel-title\">\u201cModernization of Liceu Pedro Nunes\u201d<span class=\"pull-right\"><i class=\"fas fa-plus\"><\/i><\/span><\/h4><\/a><\/div><div id=\"accordion-one-link-2222221\" class=\"panel-collapse collapse\"><div class=\"panel-body no-border margin-four-tb padding-two-all no-padding-lr md-margin-one-tb\"><\/p>\n<ul>\n<li style=\"font-weight: 400;\"><span style=\"font-weight: 400;\">\u201cModerniza\u00e7\u00e3o do Liceu Pedro Nunes\u201d apresentado no Encontro Nacional sobre Conserva\u00e7\u00e3o e Reabilita\u00e7\u00e3o de Estruturas \u2013 Lisboa, LNEC, Junho de 2010.<\/span><\/li>\n<\/ul>\n<p>&nbsp;<\/p>\n<p><a href=\"https:\/\/drive.google.com\/file\/d\/1lHhC6vjX8f-SkGPs3qjmTqb0VBUF37tX\/view?usp=sharing\" target=\"_blank\" rel=\"noopener noreferrer\"><strong>Download<\/strong><\/a><\/div><\/div><\/div><\/div><div class=\"panel-group toggles-style1\"  ><div class=\"panel panel-default no-margin\"><div class=\"panel-heading\"><a data-toggle=\"collapse\" data-parent=\"#1603319364\" href=\"#accordion-one-link-22222221\"><h4 class=\"panel-title\">\u201cConrad Algarve Pal\u00e1cio da Quinta\u201d<span class=\"pull-right\"><i class=\"fas fa-plus\"><\/i><\/span><\/h4><\/a><\/div><div id=\"accordion-one-link-22222221\" class=\"panel-collapse collapse\"><div class=\"panel-body no-border margin-four-tb padding-two-all no-padding-lr md-margin-one-tb\"><\/p>\n<ul>\n<li style=\"font-weight: 400;\"><span style=\"font-weight: 400;\">\u201cConrad Algarve Pal\u00e1cio da Quinta\u201d artigo na revista \u201cEstruturas de Bet\u00e3o em Portugal. Per\u00edodo de 2006 a 2010\u201d. Grupo Portugu\u00eas de Bet\u00e3o Estrutural. 2010.<\/span><\/li>\n<\/ul>\n<p>&nbsp;<\/p>\n<p><a href=\"https:\/\/drive.google.com\/file\/d\/1-CT6u3vGtlp0LBBIVDuC3UF5gGyLo5k0\/view?usp=sharing\" target=\"_blank\" rel=\"noopener noreferrer\"><strong>Download<\/strong><\/a><\/div><\/div><\/div><\/div><div class=\"panel-group toggles-style1\"  ><div class=\"panel panel-default no-margin\"><div class=\"panel-heading\"><a data-toggle=\"collapse\" data-parent=\"#1603319364\" href=\"#accordion-one-link-222222221\"><h4 class=\"panel-title\">\u201cRehabilitation of Jos\u00e9 Gomes Ferreira School\u201d<span class=\"pull-right\"><i class=\"fas fa-plus\"><\/i><\/span><\/h4><\/a><\/div><div id=\"accordion-one-link-222222221\" class=\"panel-collapse collapse\"><div class=\"panel-body no-border margin-four-tb padding-two-all no-padding-lr md-margin-one-tb\"><\/p>\n<ul>\n<li style=\"font-weight: 400;\"><span style=\"font-weight: 400;\">\u201cReabilita\u00e7\u00e3o da Escola Jos\u00e9 Gomes Ferreira\u201d artigo na revista \u201cEstruturas de Bet\u00e3o em Portugal. Per\u00edodo de 2006 a 2010\u201d. Grupo Portugu\u00eas de Bet\u00e3o Estrutural. 2010.<\/span><\/li>\n<\/ul>\n<p>&nbsp;<\/p>\n<p><a href=\"https:\/\/drive.google.com\/file\/d\/1bJ3oIMSl4Yu1-lvus6o6FmCEpbRZxJLT\/view?usp=sharing\" target=\"_blank\" rel=\"noopener noreferrer\"><strong>Download<\/strong><\/a><\/div><\/div><\/div><\/div><div class=\"panel-group toggles-style1\"  ><div class=\"panel panel-default no-margin\"><div class=\"panel-heading\"><a data-toggle=\"collapse\" data-parent=\"#1603319364\" href=\"#accordion-one-link-2222222221\"><h4 class=\"panel-title\">\u201cStructural wood in traditional construction\u201d<span class=\"pull-right\"><i class=\"fas fa-plus\"><\/i><\/span><\/h4><\/a><\/div><div id=\"accordion-one-link-2222222221\" class=\"panel-collapse collapse\"><div class=\"panel-body no-border margin-four-tb padding-two-all no-padding-lr md-margin-one-tb\"><\/p>\n<ul>\n<li style=\"font-weight: 400;\"><span style=\"font-weight: 400;\">\u201cA madeira estrutural na constru\u00e7\u00e3o tradicional\u201d artigo para a revista \u201cArquitectura Ib\u00e9rica n\u00ba 26\u201d, Editora Caleidosc\u00f3pio, Maio de 2008.<\/span><\/li>\n<\/ul>\n<p>&nbsp;<\/p>\n<p><a href=\"https:\/\/drive.google.com\/file\/d\/1CaLahksJQTDxHQWzM3Gq78I_6guKgaaQ\/view?usp=sharing\" target=\"_blank\" rel=\"noopener noreferrer\"><strong>Download<\/strong><\/a><\/div><\/div><\/div><\/div>[vc_empty_space height=\"20px\"]<\/div><\/div><\/div><div class=\"wpb_column brando-column-container  vc_col-sm-6 col-xs-mobile-fullwidth\" data-front-class=\"brando-column-container  col-xs-mobile-fullwidth\"><div class=\"vc-column-innner-wrapper\"><div class=\"wpd-innner-wrapper\"><div class=\"panel-group toggles-style1\"  ><div class=\"panel panel-default no-margin\"><div class=\"panel-heading\"><a data-toggle=\"collapse\" data-parent=\"#1603319899\" href=\"#accordion-one-link-22222222221\"><h4 class=\"panel-title\">\u201cBasic seismic isolation - Comparison of costs \/ construction solutions\u201d<span class=\"pull-right\"><i class=\"fas fa-plus\"><\/i><\/span><\/h4><\/a><\/div><div id=\"accordion-one-link-22222222221\" class=\"panel-collapse collapse\"><div class=\"panel-body no-border margin-four-tb padding-two-all no-padding-lr md-margin-one-tb\"><\/p>\n<ul>\n<li style=\"font-weight: 400;\"><span style=\"font-weight: 400;\">\u201cIsolamento s\u00edsmico de base \u2013 Compara\u00e7\u00e3o de custos \/ solu\u00e7\u00f5es construtivas\u201d. 4\u00aa jornadas portuguesas de engenharia de estruturas. 2006.<\/span><\/li>\n<\/ul>\n<p>&nbsp;<\/p>\n<p><a href=\"https:\/\/drive.google.com\/file\/d\/1rmgSmI6k647_GXa2ZJR1CSK79A39bMMv\/view?usp=sharing\" target=\"_blank\" rel=\"noopener noreferrer\"><strong>Download<\/strong><\/a><\/div><\/div><\/div><\/div><div class=\"panel-group toggles-style1\"  ><div class=\"panel panel-default no-margin\"><div class=\"panel-heading\"><a data-toggle=\"collapse\" data-parent=\"#1603319899\" href=\"#accordion-one-link-222222222221\"><h4 class=\"panel-title\">\u201cApoio \u00e0 gest\u00e3o e parque edificado universit\u00e1rio. Apresenta\u00e7\u00e3o de caso.\u201d<span class=\"pull-right\"><i class=\"fas fa-plus\"><\/i><\/span><\/h4><\/a><\/div><div id=\"accordion-one-link-222222222221\" class=\"panel-collapse collapse\"><div class=\"panel-body no-border margin-four-tb padding-two-all no-padding-lr md-margin-one-tb\"><\/p>\n<ul>\n<li style=\"font-weight: 400;\"><span style=\"font-weight: 400;\">\u201cApoio \u00e0 gest\u00e3o e parque edificado universit\u00e1rio. Apresenta\u00e7\u00e3o de caso.\u201d 3\u00ba ENCORE, Encontro sobre conserva\u00e7\u00e3o e reabilita\u00e7\u00e3o de edif\u00edcios. 2003.<\/span><\/li>\n<\/ul>\n<p>&nbsp;<\/p>\n<p><a href=\"https:\/\/drive.google.com\/file\/d\/1Ym382Eve0qe8jV85bQ6yNNqYfW5uZ6Ei\/view?usp=sharing\" target=\"_blank\" rel=\"noopener noreferrer\"><strong>Download<\/strong><\/a><\/div><\/div><\/div><\/div><div class=\"panel-group toggles-style1\"  ><div class=\"panel panel-default no-margin\"><div class=\"panel-heading\"><a data-toggle=\"collapse\" data-parent=\"#1603319899\" href=\"#accordion-one-link-2222222222221\"><h4 class=\"panel-title\">\u201cISCTE II Building\u201d<span class=\"pull-right\"><i class=\"fas fa-plus\"><\/i><\/span><\/h4><\/a><\/div><div id=\"accordion-one-link-2222222222221\" class=\"panel-collapse collapse\"><div class=\"panel-body no-border margin-four-tb padding-two-all no-padding-lr md-margin-one-tb\"><\/p>\n<ul>\n<li style=\"font-weight: 400;\"><span style=\"font-weight: 400;\">\u201cEdif\u00edcio ISCTE II\u201d artigo para a revista \u201cEstruturas de Bet\u00e3o em Portugal. Per\u00edodo de 1998 a 2002\u201d. Grupo Portugu\u00eas de Bet\u00e3o Estrutural. 2002.<\/span><\/li>\n<\/ul>\n<p>&nbsp;<\/p>\n<p><a href=\"https:\/\/drive.google.com\/file\/d\/11qWRTdNZXJ90ENXflQ5A7aYqnrBf0prF\/view?usp=sharing\" target=\"_blank\" rel=\"noopener noreferrer\"><strong>Download<\/strong><\/a><\/div><\/div><\/div><\/div><div class=\"panel-group toggles-style1\"  ><div class=\"panel panel-default no-margin\"><div class=\"panel-heading\"><a data-toggle=\"collapse\" data-parent=\"#1603319899\" href=\"#accordion-one-link-22222222222221\"><h4 class=\"panel-title\">\u201cCovilh\u00e3 Central Library Building\u201d<span class=\"pull-right\"><i class=\"fas fa-plus\"><\/i><\/span><\/h4><\/a><\/div><div id=\"accordion-one-link-22222222222221\" class=\"panel-collapse collapse\"><div class=\"panel-body no-border margin-four-tb padding-two-all no-padding-lr md-margin-one-tb\"><\/p>\n<ul>\n<li style=\"font-weight: 400;\"><span style=\"font-weight: 400;\">\u201cEdif\u00edcio da Biblioteca Central da Covilh\u00e3\u201d para a revista \u201cEstruturas de Bet\u00e3o em Portugal. Per\u00edodo de 1998 a 2002\u201d. Grupo Portugu\u00eas de Bet\u00e3o Estrutural. 2002.<\/span><\/li>\n<\/ul>\n<p>&nbsp;<\/p>\n<p><a href=\"https:\/\/drive.google.com\/file\/d\/1LKWm4jYaIKl-og4ow50zYYcJ7smXw_3L\/view?usp=sharing\" target=\"_blank\" rel=\"noopener noreferrer\"><strong>Download<\/strong><\/a><\/div><\/div><\/div><\/div><div class=\"panel-group toggles-style1\"  ><div class=\"panel panel-default no-margin\"><div class=\"panel-heading\"><a data-toggle=\"collapse\" data-parent=\"#1603319899\" href=\"#accordion-one-link-222222222222221\"><h4 class=\"panel-title\">\u201cHigher Institute of Labor and Business Sciences - Building II\u201d<span class=\"pull-right\"><i class=\"fas fa-plus\"><\/i><\/span><\/h4><\/a><\/div><div id=\"accordion-one-link-222222222222221\" class=\"panel-collapse collapse\"><div class=\"panel-body no-border margin-four-tb padding-two-all no-padding-lr md-margin-one-tb\"><\/p>\n<ul>\n<li style=\"font-weight: 400;\"><span style=\"font-weight: 400;\">\u201cInstituto Superior das Ci\u00eancias do Trabalho e da Empresa \u2013 Edif\u00edcio II\u201d comunica\u00e7\u00e3o ao Encontro Nacional, Bet\u00e3o Estrutural \u2013 Lisboa, LNEC, Novembro de 2002.<\/span><\/li>\n<\/ul>\n<p>&nbsp;<\/p>\n<p><a href=\"https:\/\/drive.google.com\/file\/d\/1SM-1-5xSKUJzu1GCx2xKyW9Xw5bUbsUd\/view?usp=sharing\" target=\"_blank\" rel=\"noopener noreferrer\"><strong>Download<\/strong><\/a><\/div><\/div><\/div><\/div><div class=\"panel-group toggles-style1\"  ><div class=\"panel panel-default no-margin\"><div class=\"panel-heading\"><a data-toggle=\"collapse\" data-parent=\"#1603319899\" href=\"#accordion-one-link-2222222222222221\"><h4 class=\"panel-title\">\u201cBuilding of the Central Library of the University of Beira Interior\u201d<span class=\"pull-right\"><i class=\"fas fa-plus\"><\/i><\/span><\/h4><\/a><\/div><div id=\"accordion-one-link-2222222222222221\" class=\"panel-collapse collapse\"><div class=\"panel-body no-border margin-four-tb padding-two-all no-padding-lr md-margin-one-tb\"><\/p>\n<ul>\n<li style=\"font-weight: 400;\"><span style=\"font-weight: 400;\">\u201cEdif\u00edcio da Biblioteca Central da Universidade da Beira Interior\u201d comunica\u00e7\u00e3o ao Congresso Nacional da Engenharia de Estruturas \u2013 Lisboa, LNEC, Julho de 2002.<\/span><\/li>\n<\/ul>\n<p>&nbsp;<\/p>\n<p><a href=\"https:\/\/drive.google.com\/file\/d\/1nVPlS4bPyaLnnFp93bfruRVSEb2SCLq2\/view?usp=sharing\" target=\"_blank\" rel=\"noopener noreferrer\"><strong>Download<\/strong><\/a><\/div><\/div><\/div><\/div><div class=\"panel-group toggles-style1\"  ><div class=\"panel panel-default no-margin\"><div class=\"panel-heading\"><a data-toggle=\"collapse\" data-parent=\"#1603319899\" href=\"#accordion-one-link-22222222222222221\"><h4 class=\"panel-title\">Reconstruction of Armaz\u00e9ns do Chiado, Lisbon<span class=\"pull-right\"><i class=\"fas fa-plus\"><\/i><\/span><\/h4><\/a><\/div><div id=\"accordion-one-link-22222222222222221\" class=\"panel-collapse collapse\"><div class=\"panel-body no-border margin-four-tb padding-two-all no-padding-lr md-margin-one-tb\"><\/p>\n<ul>\n<li style=\"font-weight: 400;\"><span style=\"font-weight: 400;\">\u201cReconstru\u00e7\u00e3o dos Armaz\u00e9ns do Chiado\u201d comunica\u00e7\u00e3o ao REPAR 2000 Encontro Nacional sobre Conserva\u00e7\u00e3o e Reabilita\u00e7\u00e3o de Estruturas \u2013 Lisboa, Junho 2000.<\/span><\/li>\n<\/ul>\n<p>&nbsp;<\/p>\n<p><a href=\"https:\/\/drive.google.com\/file\/d\/1hqSt-zrb9jUNb2c2fyq4JtFGuVnzMz8O\/view?usp=sharing\" target=\"_blank\" rel=\"noopener noreferrer\"><strong>Download<\/strong><\/a><\/div><\/div><\/div><\/div><div class=\"panel-group toggles-style1\"  ><div class=\"panel panel-default no-margin\"><div class=\"panel-heading\"><a data-toggle=\"collapse\" data-parent=\"#1603319899\" href=\"#accordion-one-link-222222222222222221\"><h4 class=\"panel-title\">Monograph on the Reconstruction of Armaz\u00e9ns do Chiado. June 2000.<span class=\"pull-right\"><i class=\"fas fa-plus\"><\/i><\/span><\/h4><\/a><\/div><div id=\"accordion-one-link-222222222222222221\" class=\"panel-collapse collapse\"><div class=\"panel-body no-border margin-four-tb padding-two-all no-padding-lr md-margin-one-tb\"><\/p>\n<ul>\n<li style=\"font-weight: 400;\"><span style=\"font-weight: 400;\">\u201cReconstru\u00e7\u00e3o dos Armaz\u00e9ns do Chiado\u201d comunica\u00e7\u00e3o ao REPAR 2000 Encontro Nacional sobre Conserva\u00e7\u00e3o e Reabilita\u00e7\u00e3o de Estruturas \u2013 Lisboa, Junho 2000.<\/span><\/li>\n<\/ul>\n<p>&nbsp;<\/p>\n<p><a href=\"https:\/\/drive.google.com\/file\/d\/10onw0X_sxXmrYEr_CCnxFhbrqPc1R7oX\/view?usp=sharing\" target=\"_blank\" rel=\"noopener noreferrer\"><strong>Download<\/strong><\/a><\/div><\/div><\/div><\/div><div class=\"panel-group toggles-style1\"  ><div class=\"panel panel-default no-margin\"><div class=\"panel-heading\"><a data-toggle=\"collapse\" data-parent=\"#1603319899\" href=\"#accordion-one-link-2222222222222222221\"><h4 class=\"panel-title\">\u201cAtrium Saldanha Building\u201d<span class=\"pull-right\"><i class=\"fas fa-plus\"><\/i><\/span><\/h4><\/a><\/div><div id=\"accordion-one-link-2222222222222222221\" class=\"panel-collapse collapse\"><div class=\"panel-body no-border margin-four-tb padding-two-all no-padding-lr md-margin-one-tb\"><\/p>\n<ul>\n<li style=\"font-weight: 400;\"><span style=\"font-weight: 400;\">\u201cEdif\u00edcio Atrium Saldanha\u201d artigo na revista \u201cEstruturas de Bet\u00e3o em Portugal. Per\u00edodo de 1994 a 1998\u201d. Grupo Portugu\u00eas de Bet\u00e3o Estrutural. 1998.<\/span><\/li>\n<\/ul>\n<p>&nbsp;<\/p>\n<p><a href=\"https:\/\/drive.google.com\/file\/d\/1RANjgr2O8EfO31_LIm2cRydgJcT0Oifu\/view?usp=sharing\" target=\"_blank\" rel=\"noopener noreferrer\"><strong>Download<\/strong><\/a><\/div><\/div><\/div><\/div>[vc_empty_space height=\"20px\"][vc_empty_space height=\"20px\"]<\/div><\/div><\/div><\/div><\/div><\/section><section  class=\"brando_row_1600945307-2-91 position-relative bg-image-srcset fix-background\" style=\"background: url(https:\/\/teixeiratrigo.com\/wp-content\/uploads\/2020\/09\/publicac\u0327o\u0303es2.jpg) no-repeat;\" data-bg-srcset=\"https:\/\/teixeiratrigo.com\/wp-content\/uploads\/2020\/09\/publicac\u0327o\u0303es2.jpg 1920w, https:\/\/teixeiratrigo.com\/wp-content\/uploads\/2020\/09\/publicac\u0327o\u0303es2-300x156.jpg 300w, https:\/\/teixeiratrigo.com\/wp-content\/uploads\/2020\/09\/publicac\u0327o\u0303es2-1024x533.jpg 1024w, https:\/\/teixeiratrigo.com\/wp-content\/uploads\/2020\/09\/publicac\u0327o\u0303es2-768x400.jpg 768w, https:\/\/teixeiratrigo.com\/wp-content\/uploads\/2020\/09\/publicac\u0327o\u0303es2-1536x800.jpg 1536w, https:\/\/teixeiratrigo.com\/wp-content\/uploads\/2020\/09\/publicac\u0327o\u0303es2-420x219.jpg 420w, https:\/\/teixeiratrigo.com\/wp-content\/uploads\/2020\/09\/publicac\u0327o\u0303es2-1200x625.jpg 1200w\"><div class=\"opacity-full\" style=\" opacity:0.3; background-color:#ff5940;\"><\/div><div class=\"container\"><div class=\"row\"><div class=\"wpb_column brando-column-container  position-relative vc_col-sm-12 vc_col-md-12 vc_col-xs-12 text-center\" data-front-class=\"brando-column-container  position-relative text-center\"><div class=\"vc-column-innner-wrapper\"><div class=\"wpd-innner-wrapper\">[vc_empty_space][vc_empty_space height=\"200px\"][vc_empty_space]<\/div><\/div><\/div><\/div><\/div><\/section>","protected":false},"excerpt":{"rendered":"<p>Publica\u00e7\u00f5es COMUNICA\u00c7\u00c3O &amp; CASOS DE ESTUDO\u201cAplica\u00e7\u00e3o de Isolamento de Base em Edif\u00edcios Existentes\u201d. \u201cAplica\u00e7\u00e3o de Isolamento de Base em Edif\u00edcios Existentes\u201d. Comunica\u00e7\u00e3o no Semin\u00e1rio Engenharia S\u00edsmica 2019 organizado conjuntamente pela SPES, LNEC e Pretensa. Novembro de 2019. &nbsp; Descarregar\u201cReabilita\u00e7\u00e3o Estrutural de edif\u00edcios\u201d \u201cReabilita\u00e7\u00e3o Estrutural de edif\u00edcios\u201d. Comunica\u00e7\u00e3o ao RIE 2018 &#8211; VII Jornada de Reabilita\u00e7\u00e3o [&hellip;]<\/p>","protected":false},"author":1,"featured_media":0,"parent":0,"menu_order":0,"comment_status":"closed","ping_status":"closed","template":"","meta":[],"_links":{"self":[{"href":"https:\/\/teixeiratrigo.com\/eng\/wp-json\/wp\/v2\/pages\/5654"}],"collection":[{"href":"https:\/\/teixeiratrigo.com\/eng\/wp-json\/wp\/v2\/pages"}],"about":[{"href":"https:\/\/teixeiratrigo.com\/eng\/wp-json\/wp\/v2\/types\/page"}],"author":[{"embeddable":true,"href":"https:\/\/teixeiratrigo.com\/eng\/wp-json\/wp\/v2\/users\/1"}],"replies":[{"embeddable":true,"href":"https:\/\/teixeiratrigo.com\/eng\/wp-json\/wp\/v2\/comments?post=5654"}],"version-history":[{"count":88,"href":"https:\/\/teixeiratrigo.com\/eng\/wp-json\/wp\/v2\/pages\/5654\/revisions"}],"predecessor-version":[{"id":9696,"href":"https:\/\/teixeiratrigo.com\/eng\/wp-json\/wp\/v2\/pages\/5654\/revisions\/9696"}],"wp:attachment":[{"href":"https:\/\/teixeiratrigo.com\/eng\/wp-json\/wp\/v2\/media?parent=5654"}],"curies":[{"name":"wp","href":"https:\/\/api.w.org\/{rel}","templated":true}]}}