{"id":5661,"date":"2016-07-21T12:23:56","date_gmt":"2016-07-21T12:23:56","guid":{"rendered":"http:\/\/wpdemos.themezaa.com\/brando\/event\/?page_id=5172"},"modified":"2025-05-27T11:53:46","modified_gmt":"2025-05-27T11:53:46","slug":"recrutamento","status":"publish","type":"page","link":"https:\/\/teixeiratrigo.com\/eng\/recrutamento\/","title":{"rendered":"recruitment"},"content":{"rendered":"<section  id=\"home\" class=\"brando_row_1600941447-2-12 position-relative no-padding bg-image-srcset fix-background\" style=\"background: url(https:\/\/teixeiratrigo.com\/wp-content\/uploads\/2020\/09\/recruramento.jpg) no-repeat;\" data-bg-srcset=\"https:\/\/teixeiratrigo.com\/wp-content\/uploads\/2020\/09\/recruramento.jpg 1920w, https:\/\/teixeiratrigo.com\/wp-content\/uploads\/2020\/09\/recruramento-300x156.jpg 300w, https:\/\/teixeiratrigo.com\/wp-content\/uploads\/2020\/09\/recruramento-1024x533.jpg 1024w, https:\/\/teixeiratrigo.com\/wp-content\/uploads\/2020\/09\/recruramento-768x400.jpg 768w, https:\/\/teixeiratrigo.com\/wp-content\/uploads\/2020\/09\/recruramento-1536x800.jpg 1536w, https:\/\/teixeiratrigo.com\/wp-content\/uploads\/2020\/09\/recruramento-420x219.jpg 420w, https:\/\/teixeiratrigo.com\/wp-content\/uploads\/2020\/09\/recruramento-1200x625.jpg 1200w\"><div class=\"opacity-full\" style=\" opacity:0.3; background-color:#ff5940;\"><\/div><div class=\"container\"><div class=\"row\"><div class=\"wpb_column brando-column-container  full-screen vc_col-sm-12 vc_col-xs-12\" data-front-class=\"brando-column-container  full-screen\"><div class=\"vc-column-innner-wrapper\"><div class=\"wpd-innner-wrapper\"><div class=\"full-screen ajax-popup-title position-relative\"><div class=\"slider-typography text-center\"><div class=\"slider-text-middle-main\"><div class=\"slider-text-middle\"><h2 style=\"font size: 40px; color: white;\"><strong>Recruitment<\/strong><\/h2>\n<\/div><\/div><\/div><\/div><\/div><\/div><\/div><\/div><\/div><\/section><section id=\"about\" class=\"brando_row_1601235637-2-49 position-relative wow fadeIn\"><div class=\"container\"><div class=\"row\"><div class=\"wpb_column brando-column-container  vc_col-sm-12 vc_col-md-12 vc_col-xs-12 text-center margin-eight-bottom xs-margin-ten-bottom\" data-front-class=\"brando-column-container  text-center margin-eight-bottom xs-margin-ten-bottom\"><div class=\"vc-column-innner-wrapper\"><div class=\"wpd-innner-wrapper\"><h6 class=\"alt-font  heading-style12 padding-ten-bottom no-margin brando_heading_1600941469-2-95\" style=\"color:#ff5940 !important;\"><span class=\"bg-deep-green event-title-separator\" style=\"background:#ff5940 !important; height:2px !important;\"><\/span>A trusted Path<\/h6><h6 class=\"p1\"><strong>We are always receptive to new talents.<\/strong><\/h6>\n<p class=\"p1\">We believe that it is through complementary profiles, different experiences and <em>backgrounds<\/em> that we can guarantee to put together the best teams.<\/p>\n<p class=\"p1\">We are always on the lookout for talented individuals who are committed to the client and possess technical and management expertise, as well as practical sense.<\/p>\n<p class=\"p1\">If you believe you can make a difference in our team, send us your CV accompanied by a letter of motivation to <strong><a href=\"mailto:teixeiratrigo@teixeiratrigo.pt\"><span class=\"s1\">teixeiratrigo@teixeiratrigo.pt<\/span><\/a><\/strong><\/p>\n<p class=\"p1\">We wait for you.<\/p>\n<\/div><\/div><\/div><div class=\"wpb_column brando-column-container brando_column_1600941768-2-97  col-xs-mobile-fullwidth text-center md-text-center sm-text-center xs-text-center\" data-front-class=\"brando-column-container brando_column_1600941768-2-97 col-xs-mobile-fullwidth front-column-class text-center md-text-center sm-text-center xs-text-center\"><div class=\"vc-column-innner-wrapper\"><div class=\"wpd-innner-wrapper\"><\/div><\/div><\/div><\/div><\/div><\/section><section  class=\"brando_row_1600941851-2-67 position-relative bg-image-srcset cover-background\" style=\"background: url(https:\/\/teixeiratrigo.com\/wp-content\/uploads\/2020\/09\/recruramento2.jpg) no-repeat;\" data-bg-srcset=\"https:\/\/teixeiratrigo.com\/wp-content\/uploads\/2020\/09\/recruramento2.jpg 1920w, https:\/\/teixeiratrigo.com\/wp-content\/uploads\/2020\/09\/recruramento2-300x156.jpg 300w, https:\/\/teixeiratrigo.com\/wp-content\/uploads\/2020\/09\/recruramento2-1024x533.jpg 1024w, https:\/\/teixeiratrigo.com\/wp-content\/uploads\/2020\/09\/recruramento2-768x400.jpg 768w, https:\/\/teixeiratrigo.com\/wp-content\/uploads\/2020\/09\/recruramento2-1536x800.jpg 1536w, https:\/\/teixeiratrigo.com\/wp-content\/uploads\/2020\/09\/recruramento2-420x219.jpg 420w, https:\/\/teixeiratrigo.com\/wp-content\/uploads\/2020\/09\/recruramento2-1200x625.jpg 1200w\"><div class=\"opacity-full\" style=\" opacity:0.3; background-color:#ff5940;\"><\/div><div class=\"container\"><div class=\"row\"><div class=\"wpb_column brando-column-container  position-relative vc_col-sm-12 vc_col-md-12 vc_col-xs-12 text-center\" data-front-class=\"brando-column-container  position-relative text-center\"><div class=\"vc-column-innner-wrapper\"><div class=\"wpd-innner-wrapper\">[vc_empty_space height=\"50px\"]<\/div><\/div><\/div><\/div><\/div><\/section>","protected":false},"excerpt":{"rendered":"<p>Recrutamento UM CAMINHO DE CONFIAN\u00c7AEstamos sempre recetivos a novos talentos. Acreditamos que \u00e9 atrav\u00e9s de perfis complementares, de diferentes experi\u00eancias e backgrounds que conseguimos garantir as melhores equipas. Procuramos talentos, orientados para os compromissos, para o cliente, com conhecimento t\u00e9cnico, de gest\u00e3o e sentido pr\u00e1tico. Se acredita que pode marcar a diferen\u00e7a na nossa equipa, [&hellip;]<\/p>","protected":false},"author":1,"featured_media":0,"parent":0,"menu_order":0,"comment_status":"closed","ping_status":"closed","template":"","meta":[],"_links":{"self":[{"href":"https:\/\/teixeiratrigo.com\/eng\/wp-json\/wp\/v2\/pages\/5661"}],"collection":[{"href":"https:\/\/teixeiratrigo.com\/eng\/wp-json\/wp\/v2\/pages"}],"about":[{"href":"https:\/\/teixeiratrigo.com\/eng\/wp-json\/wp\/v2\/types\/page"}],"author":[{"embeddable":true,"href":"https:\/\/teixeiratrigo.com\/eng\/wp-json\/wp\/v2\/users\/1"}],"replies":[{"embeddable":true,"href":"https:\/\/teixeiratrigo.com\/eng\/wp-json\/wp\/v2\/comments?post=5661"}],"version-history":[{"count":24,"href":"https:\/\/teixeiratrigo.com\/eng\/wp-json\/wp\/v2\/pages\/5661\/revisions"}],"predecessor-version":[{"id":10278,"href":"https:\/\/teixeiratrigo.com\/eng\/wp-json\/wp\/v2\/pages\/5661\/revisions\/10278"}],"wp:attachment":[{"href":"https:\/\/teixeiratrigo.com\/eng\/wp-json\/wp\/v2\/media?parent=5661"}],"curies":[{"name":"wp","href":"https:\/\/api.w.org\/{rel}","templated":true}]}}