{"id":6130,"date":"2020-09-27T22:17:42","date_gmt":"2020-09-27T22:17:42","guid":{"rendered":"https:\/\/teixeiratrigo.com\/?page_id=6130"},"modified":"2020-09-28T01:32:52","modified_gmt":"2020-09-28T01:32:52","slug":"mapa","status":"publish","type":"page","link":"https:\/\/teixeiratrigo.com\/eng\/mapa\/","title":{"rendered":"Mapa"},"content":{"rendered":"<section  class=\"brando_row_1601251547-2-75 position-relative bg-image-srcset fix-background\" style=\"background: url(https:\/\/teixeiratrigo.com\/wp-content\/uploads\/2020\/09\/MapaLisboa-marcac\u0327ao-obras1.jpg) no-repeat;\" data-bg-srcset=\"https:\/\/teixeiratrigo.com\/wp-content\/uploads\/2020\/09\/MapaLisboa-marcac\u0327ao-obras1.jpg 1920w, https:\/\/teixeiratrigo.com\/wp-content\/uploads\/2020\/09\/MapaLisboa-marcac\u0327ao-obras1-300x156.jpg 300w, https:\/\/teixeiratrigo.com\/wp-content\/uploads\/2020\/09\/MapaLisboa-marcac\u0327ao-obras1-1024x533.jpg 1024w, https:\/\/teixeiratrigo.com\/wp-content\/uploads\/2020\/09\/MapaLisboa-marcac\u0327ao-obras1-768x400.jpg 768w, https:\/\/teixeiratrigo.com\/wp-content\/uploads\/2020\/09\/MapaLisboa-marcac\u0327ao-obras1-1536x800.jpg 1536w, https:\/\/teixeiratrigo.com\/wp-content\/uploads\/2020\/09\/MapaLisboa-marcac\u0327ao-obras1-420x219.jpg 420w, https:\/\/teixeiratrigo.com\/wp-content\/uploads\/2020\/09\/MapaLisboa-marcac\u0327ao-obras1-1200x625.jpg 1200w\"><div class=\"opacity-full\" style=\" opacity:0.3; background-color:#ff5940;\"><\/div><div class=\"container\"><div class=\"row\"><div class=\"wpb_column brando-column-container  vc_col-sm-12 col-xs-mobile-fullwidth\" data-front-class=\"brando-column-container  col-xs-mobile-fullwidth\"><div class=\"vc-column-innner-wrapper\"><div class=\"wpd-innner-wrapper\"><div class=\"full-screen ajax-popup-title position-relative\"><div class=\"slider-typography text-center\"><div class=\"slider-text-middle-main\"><div class=\"slider-text-middle\"><span class=\"alt-font font-weight-700 white-text title-extra-large-3 text-uppercase display-block\">MAPA DE OBRAS<\/span><\/div><\/div><\/div><\/div><\/div><\/div><\/div><\/div><\/div><\/section><section class=\"brando_row_1601251890-2-73 position-relative\"><div class=\"container\"><div class=\"row\"><div class=\"wpb_column brando-column-container  vc_col-sm-12 col-xs-mobile-fullwidth\" data-front-class=\"brando-column-container  col-xs-mobile-fullwidth\"><div class=\"vc-column-innner-wrapper\"><div class=\"wpd-innner-wrapper\">[vc_single_image image=\"6175\" img_size=\"full\" alignment=\"center\" style=\"zoooom\" css_animation=\"fadeInLeftBig\"][vc_single_image image=\"6193\" img_size=\"full\" alignment=\"center\" style=\"zoooom\" css_animation=\"fadeInRightBig\"][vc_empty_space height=\"100px\"][vc_text_separator title=\"LEGENDA MAPA\" color=\"custom\" accent_color=\"#ff5940\"]<\/div><\/div><\/div><div class=\"wpb_column brando-column-container  vc_col-sm-6 col-xs-mobile-fullwidth\" data-front-class=\"brando-column-container  col-xs-mobile-fullwidth\"><div class=\"vc-column-innner-wrapper\"><div class=\"wpd-innner-wrapper\"><span class=\"text-uppercase text-large alt-font font-weight-600 deep-gray-text margin-six-bottom display-inline-block\"><span class=\"crimson-red-text\" style=\"color:#ff5940 !important;\">01. &nbsp;<\/span><a href=\"https:\/\/teixeiratrigo.com\/eng\/portfolio\/gulbenkian-vertice-sul\/\" target=\"_blank\">Gulbenkian V\u00e9rtice Sul<\/a><\/span><span class=\"text-uppercase text-large alt-font font-weight-600 deep-gray-text margin-six-bottom display-inline-block\"><span class=\"crimson-red-text\" style=\"color:#ff5940 !important;\">02. &nbsp;<\/span><a href=\"https:\/\/teixeiratrigo.com\/eng\/portfolio\/5701-2\/\" target=\"_blank\">Tower Azata, Parque das Na\u00e7\u00f5es, Lisboa<\/a><\/span><span class=\"text-uppercase text-large alt-font font-weight-600 deep-gray-text margin-six-bottom display-inline-block\"><span class=\"crimson-red-text\" style=\"color:#ff5940 !important;\">03. &nbsp;<\/span><a href=\"https:\/\/teixeiratrigo.com\/eng\/portfolio\/hospital-da-luz-inicial-ampliacoes-e-remodelacoes-lisboa\/\" target=\"_blank\">Hospital da Luz (initial, extensions and refurbishments), Lisbon<\/a><\/span><span class=\"text-uppercase text-large alt-font font-weight-600 deep-gray-text margin-six-bottom display-inline-block\"><span class=\"crimson-red-text\" style=\"color:#ff5940 !important;\">04. &nbsp;<\/span><a href=\"https:\/\/teixeiratrigo.com\/eng\/portfolio\/nova-school-of-business-economics-campus-de-carcavelos\/\" target=\"_blank\">Nova School of Business & Economics, Campus de Carcavelos<\/a><\/span><span class=\"text-uppercase text-large alt-font font-weight-600 deep-gray-text margin-six-bottom display-inline-block\"><span class=\"crimson-red-text\" style=\"color:#ff5940 !important;\">05. &nbsp;<\/span><a href=\"https:\/\/teixeiratrigo.com\/eng\/portfolio\/edificio-duques-de-braganca-premium-apartments-lisboa\/\" target=\"_blank\">Duques de Bragan\u00e7a Premium Apartments Building, Lisbon<\/a><\/span><span class=\"text-uppercase text-large alt-font font-weight-600 deep-gray-text margin-six-bottom display-inline-block\"><span class=\"crimson-red-text\" style=\"color:#ff5940 !important;\">06. &nbsp;<\/span><a href=\"https:\/\/teixeiratrigo.com\/eng\/portfolio\/hospital-da-luz-oeiras-inicial-e-ampliacao\/\" target=\"_blank\">Hospital da Luz Oeiras (initial and expansion)<\/a><\/span><span class=\"text-uppercase text-large alt-font font-weight-600 deep-gray-text margin-six-bottom display-inline-block\"><span class=\"crimson-red-text\" style=\"color:#ff5940 !important;\">07. &nbsp;<\/span><a href=\"https:\/\/teixeiratrigo.com\/eng\/portfolio\/hotel-conrad-algarve-quinta-do-lago\/\" target=\"_blank\">Hotel Conrad Algarve, Quinta do Lago<\/a><\/span><span class=\"text-uppercase text-large alt-font font-weight-600 deep-gray-text margin-six-bottom display-inline-block\"><span class=\"crimson-red-text\" style=\"color:#ff5940 !important;\">08. &nbsp;<\/span><a href=\"https:\/\/teixeiratrigo.com\/eng\/portfolio\/hospital-beatriz-angelo-loures\/\" target=\"_blank\">Hospital Beatriz \u00c2ngelo, Loures<\/a><\/span><span class=\"text-uppercase text-large alt-font font-weight-600 deep-gray-text margin-six-bottom display-inline-block\"><span class=\"crimson-red-text\" style=\"color:#ff5940 !important;\">09. &nbsp;<\/span><a href=\"https:\/\/teixeiratrigo.com\/eng\/portfolio\/forum-montijo-atual-alegro-montijo\/\" target=\"_blank\">Montijo Forum (Present Alegro Montijo)<\/a><\/span><span class=\"text-uppercase text-large alt-font font-weight-600 deep-gray-text margin-six-bottom display-inline-block\"><span class=\"crimson-red-text\" style=\"color:#ff5940 !important;\">10. &nbsp;<\/span><a href=\"https:\/\/teixeiratrigo.com\/eng\/portfolio\/edificios-iscte-ii-cidade-universitaria-lisboa\/\" target=\"_blank\">ISCTE II Buildings, Cidade Universit\u00e1ria, Lisbon<\/a><\/span><span class=\"text-uppercase text-large alt-font font-weight-600 deep-gray-text margin-six-bottom display-inline-block\"><span class=\"crimson-red-text\" style=\"color:#ff5940 !important;\">11. &nbsp;<\/span><a href=\"https:\/\/teixeiratrigo.com\/eng\/portfolio\/reconstrucao-dos-armazens-do-chiado-lisboa\/\" target=\"_blank\">Reconstruction of Armaz\u00e9ns do Chiado, Lisbon<\/a><\/span><span class=\"text-uppercase text-large alt-font font-weight-600 deep-gray-text margin-six-bottom display-inline-block\"><span class=\"crimson-red-text\" style=\"color:#ff5940 !important;\">12. &nbsp;<\/span><a href=\"https:\/\/teixeiratrigo.com\/eng\/portfolio\/reconstrucao-do-atrium-saldanha-lisboa\/\" target=\"_blank\">Reconstruction of the Atrium Saldanha, Lisbon<\/a><\/span><span class=\"text-uppercase text-large alt-font font-weight-600 deep-gray-text margin-six-bottom display-inline-block\"><span class=\"crimson-red-text\" style=\"color:#ff5940 !important;\">13. &nbsp;<\/span><a href=\"https:\/\/teixeiratrigo.com\/eng\/portfolio\/catolica-lisbon-school-of-business-economics\/\" target=\"_blank\">Cat\u00f3lica Lisbon School of Business & Economics<\/a><\/span><span class=\"text-uppercase text-large alt-font font-weight-600 deep-gray-text margin-six-bottom display-inline-block\"><span class=\"crimson-red-text\" style=\"color:#ff5940 !important;\">14. &nbsp;<\/span><a href=\"https:\/\/teixeiratrigo.com\/eng\/portfolio\/marinotel-vilamoura-atual-tivoli-marina-vilamoura\/\" target=\"_blank\">Marinotel, Vilamoura (Present Tivoli Marina Vilamoura)<\/a><\/span><span class=\"text-uppercase text-large alt-font font-weight-600 deep-gray-text margin-six-bottom display-inline-block\"><span class=\"crimson-red-text\" style=\"color:#ff5940 !important;\">15. &nbsp;<\/span><a href=\"https:\/\/teixeiratrigo.com\/eng\/portfolio\/igreja-da-sagrada-familia-paco-de-arcos\/\" target=\"_blank\">Sagrada Familia Church, Pa\u00e7o de Arcos<\/a><\/span><span class=\"text-uppercase text-large alt-font font-weight-600 deep-gray-text margin-six-bottom display-inline-block\"><span class=\"crimson-red-text\" style=\"color:#ff5940 !important;\">16. &nbsp;<\/span><a href=\"https:\/\/teixeiratrigo.com\/eng\/portfolio\/edificios-largo-de-santa-cruz-do-castelo-3-4-e-5-lisboa\/\" target=\"_blank\">Edif\u00edcios Largo de Santa Cruz do Castelo 3, 4 e 5, Lisboa<\/a><\/span><span class=\"text-uppercase text-large alt-font font-weight-600 deep-gray-text margin-six-bottom display-inline-block\"><span class=\"crimson-red-text\" style=\"color:#ff5940 !important;\">17. &nbsp;<\/span><a href=\"https:\/\/teixeiratrigo.com\/eng\/portfolio\/polo-de-inovacao-social-da-mitra-scml-lisboa\/\" target=\"_blank\">Mitra Social Innovation Center, SCML, Lisbon<\/a><\/span><span class=\"text-uppercase text-large alt-font font-weight-600 deep-gray-text margin-six-bottom display-inline-block\"><span class=\"crimson-red-text\" style=\"color:#ff5940 !important;\">18. &nbsp;<\/span><a href=\"https:\/\/teixeiratrigo.com\/eng\/portfolio\/palacete-alameda-das-linhas-de-torres-33-lisboa\/\" target=\"_blank\">Palacete Alameda das Linhas de torres 33, Lisbon<\/a><\/span><span class=\"text-uppercase text-large alt-font font-weight-600 deep-gray-text margin-six-bottom display-inline-block\"><span class=\"crimson-red-text\" style=\"color:#ff5940 !important;\">19. &nbsp;<\/span><a href=\"https:\/\/teixeiratrigo.com\/eng\/portfolio\/edificios-reabilitados-na-zona-central-de-lisboa\/\" target=\"_blank\">Rehabilitated buildings in the central area of \u200b\u200bLisbon<\/a><\/span><span class=\"text-uppercase text-large alt-font font-weight-600 deep-gray-text margin-six-bottom display-inline-block\"><span class=\"crimson-red-text\" style=\"color:#ff5940 !important;\">20. &nbsp;<\/span><a href=\"https:\/\/teixeiratrigo.com\/eng\/portfolio\/rua-da-graca-67-lisboa\/\" target=\"_blank\">Rua da Gra\u00e7a 67, Lisbon<\/a><\/span><\/div><\/div><\/div><div class=\"wpb_column brando-column-container  vc_col-sm-6 col-xs-mobile-fullwidth\" data-front-class=\"brando-column-container  col-xs-mobile-fullwidth\"><div class=\"vc-column-innner-wrapper\"><div class=\"wpd-innner-wrapper\"><span class=\"text-uppercase text-large alt-font font-weight-600 deep-gray-text margin-six-bottom display-inline-block\"><span class=\"crimson-red-text\" style=\"color:#ff5940 !important;\">21. &nbsp;<\/span><a href=\"https:\/\/teixeiratrigo.com\/eng\/portfolio\/rua-luis-bivar-77-lisboa\/\" target=\"_blank\">RUA LU\u00cdS B\u00cdVAR 77, LISBOA<\/a><\/span><\/div><\/div><\/div><\/div><\/div><\/section><section><div class=\"container\"><div class=\"row\"><div class=\"wpb_column brando-column-container  vc_col-sm-12 col-xs-mobile-fullwidth\" data-front-class=\"brando-column-container  col-xs-mobile-fullwidth\"><div class=\"vc-column-innner-wrapper\"><div class=\"wpd-innner-wrapper\"><\/div><\/div><\/div><\/div><\/div><\/section>","protected":false},"excerpt":{"rendered":"<p>MAPA DE OBRAS[vc_single_image image=&#8221;6175&#8243; img_size=&#8221;full&#8221; alignment=&#8221;center&#8221; style=&#8221;zoooom&#8221; css_animation=&#8221;fadeInLeftBig&#8221;][vc_single_image image=&#8221;6193&#8243; img_size=&#8221;full&#8221; alignment=&#8221;center&#8221; style=&#8221;zoooom&#8221; css_animation=&#8221;fadeInRightBig&#8221;][vc_empty_space height=&#8221;100px&#8221;][vc_text_separator title=&#8221;LEGENDA MAPA&#8221; color=&#8221;custom&#8221; accent_color=&#8221;#ff5940&#8243;]01. &nbsp;Gulbenkian V\u00e9rtice Sul02. &nbsp;Torre Azata, Parque das Na\u00e7\u00f5es, Lisboa03. &nbsp;Hospital da Luz (inicial, amplia\u00e7\u00f5es e remodela\u00e7\u00f5es), Lisboa04. &nbsp;Nova School of Business &#038; Economics, Campus de Carcavelos05. &nbsp;Edif\u00edcio Duques de Bragan\u00e7a Premium Apartments, Lisboa06. &nbsp;Hospital da Luz Oeiras [&hellip;]<\/p>","protected":false},"author":1,"featured_media":0,"parent":0,"menu_order":0,"comment_status":"closed","ping_status":"closed","template":"","meta":[],"_links":{"self":[{"href":"https:\/\/teixeiratrigo.com\/eng\/wp-json\/wp\/v2\/pages\/6130"}],"collection":[{"href":"https:\/\/teixeiratrigo.com\/eng\/wp-json\/wp\/v2\/pages"}],"about":[{"href":"https:\/\/teixeiratrigo.com\/eng\/wp-json\/wp\/v2\/types\/page"}],"author":[{"embeddable":true,"href":"https:\/\/teixeiratrigo.com\/eng\/wp-json\/wp\/v2\/users\/1"}],"replies":[{"embeddable":true,"href":"https:\/\/teixeiratrigo.com\/eng\/wp-json\/wp\/v2\/comments?post=6130"}],"version-history":[{"count":16,"href":"https:\/\/teixeiratrigo.com\/eng\/wp-json\/wp\/v2\/pages\/6130\/revisions"}],"predecessor-version":[{"id":6272,"href":"https:\/\/teixeiratrigo.com\/eng\/wp-json\/wp\/v2\/pages\/6130\/revisions\/6272"}],"wp:attachment":[{"href":"https:\/\/teixeiratrigo.com\/eng\/wp-json\/wp\/v2\/media?parent=6130"}],"curies":[{"name":"wp","href":"https:\/\/api.w.org\/{rel}","templated":true}]}}