{"id":5664,"date":"2016-07-21T12:23:56","date_gmt":"2016-07-21T12:23:56","guid":{"rendered":"http:\/\/wpdemos.themezaa.com\/brando\/event\/?page_id=5172"},"modified":"2021-01-29T11:07:36","modified_gmt":"2021-01-29T11:07:36","slug":"contactos","status":"publish","type":"page","link":"https:\/\/teixeiratrigo.com\/home\/contactos\/","title":{"rendered":"contactos"},"content":{"rendered":"<section  id=\"home\" class=\"brando_row_1600941954-2-36 position-relative no-padding bg-image-srcset fix-background\" style=\"background: url(https:\/\/teixeiratrigo.com\/home\/wp-content\/uploads\/2020\/09\/Contacto.jpg) no-repeat;\" data-bg-srcset=\"https:\/\/teixeiratrigo.com\/home\/wp-content\/uploads\/2020\/09\/Contacto.jpg 1920w, https:\/\/teixeiratrigo.com\/home\/wp-content\/uploads\/2020\/09\/Contacto-300x156.jpg 300w, https:\/\/teixeiratrigo.com\/home\/wp-content\/uploads\/2020\/09\/Contacto-1024x533.jpg 1024w, https:\/\/teixeiratrigo.com\/home\/wp-content\/uploads\/2020\/09\/Contacto-768x400.jpg 768w, https:\/\/teixeiratrigo.com\/home\/wp-content\/uploads\/2020\/09\/Contacto-1536x800.jpg 1536w, https:\/\/teixeiratrigo.com\/home\/wp-content\/uploads\/2020\/09\/Contacto-420x219.jpg 420w, https:\/\/teixeiratrigo.com\/home\/wp-content\/uploads\/2020\/09\/Contacto-1200x625.jpg 1200w\"><div class=\"opacity-full\" style=\" opacity:0.3; background-color:#ff5940;\"><\/div><div class=\"container\"><div class=\"row\"><div class=\"wpb_column brando-column-container  full-screen vc_col-sm-12 vc_col-xs-12\" data-front-class=\"brando-column-container  full-screen\"><div class=\"vc-column-innner-wrapper\"><div class=\"wpd-innner-wrapper\"><div class=\"full-screen ajax-popup-title position-relative \"><div class=\"slider-typography text-center\"><div class=\"slider-text-middle-main\"><div class=\"slider-text-middle\"><span class=\"alt-font font-weight-700 white-text title-extra-large-3 text-uppercase display-block\">Contactos<\/span><div class=\"separator-line-thick-long margin-four-top no-margin-bottom\" style=\"background:#ff5940 !important;\"><\/div><\/div><\/div><\/div><\/div><\/div><\/div><\/div><\/div><\/div><\/section><section id=\"about\" class=\"brando_row_1601235673-2-83 wow fadeIn\"><div class=\"container\"><div class=\"row\"><div class=\"wpb_column brando-column-container  vc_col-sm-4 vc_col-md-12 vc_col-xs-12 text-center margin-eight-bottom xs-margin-ten-bottom\" data-front-class=\"brando-column-container  text-center margin-eight-bottom xs-margin-ten-bottom\"><div class=\"vc-column-innner-wrapper\"><div class=\"wpd-innner-wrapper\"><\/div><\/div><\/div><div class=\"wpb_column brando-column-container  vc_col-sm-4 col-xs-mobile-fullwidth\" data-front-class=\"brando-column-container  col-xs-mobile-fullwidth\"><div class=\"vc-column-innner-wrapper\"><div class=\"wpd-innner-wrapper\"><div class=\"brando_text_1600943949-2-90\"><h6 class=\"p1\"><b>Sede<\/b><\/h6>\n<p class=\"p1\"><strong>Telefone:<\/strong><br \/>\n<a href=\"tel:00351218538160\"><img class=\"wp-image-6035 alignnone\" src=\"https:\/\/teixeiratrigo.com\/home\/wp-content\/uploads\/2020\/09\/telemovel-telefone_50x50.png\" alt=\"\" width=\"29\" height=\"29\" \/> (+351) 218 538 160 | <\/a><a href=\"tel:00351218538160\">(+351) 914 808 180<\/a><\/p>\n<p class=\"p1\"><strong>Correio Eletr\u00f3nico<\/strong><\/p>\n<p class=\"p1\"><a href=\"mailto:pedrotrigo@teixeiratrigo.pt\"><img class=\"alignnone wp-image-6031\" src=\"https:\/\/teixeiratrigo.com\/home\/wp-content\/uploads\/2020\/09\/e-mail_50x50.png\" alt=\"\" width=\"30\" height=\"30\" \/><\/a>\u00a0 \u00a0<a href=\"mailto:teixeiratrigo@teixeiratrigo.pt\">teixeiratrigo@teixeiratrigo.pt<\/a><\/p>\n<p class=\"p1\"><strong>Morada<\/strong><\/p>\n<p class=\"p1\"><img class=\"alignnone wp-image-6033 \" src=\"https:\/\/teixeiratrigo.com\/home\/wp-content\/uploads\/2020\/09\/morada_50x50.png\" alt=\"\" width=\"29\" height=\"29\" \/> \u00a0 <a href=\"https:\/\/goo.gl\/maps\/1cxQ3DJBvCwNhU6y7\">Avenida Cidade de Luanda, Lote 485, R\/C Dt\u00ba, 1800 \u2013 099 LISBOA<\/a><\/p>\n<p class=\"p1\"><strong>LinkedIn<\/strong><\/p>\n<p class=\"p1\"><img class=\"alignnone wp-image-6032 \" src=\"https:\/\/teixeiratrigo.com\/home\/wp-content\/uploads\/2020\/09\/linkedin_50x50.png\" alt=\"\" width=\"31\" height=\"31\" \/><a href=\"https:\/\/www.linkedin.com\/company\/teixeira-trigo\/\">\u00a0 \u00a0www.linkedin.com <\/a><\/p>\n<\/div><\/div><\/div><\/div><div class=\"wpb_column brando-column-container brando_column_1601234564-2-95 vc_col-sm-4 col-xs-mobile-fullwidth\" data-front-class=\"brando-column-container brando_column_1601234564-2-95 col-xs-mobile-fullwidth\"><div class=\"vc-column-innner-wrapper\"><div class=\"wpd-innner-wrapper\">[vc_hoverbox image=\"7832\" primary_title=\"\" hover_title=\"\" shape=\"square\" hover_background_color=\"white\" css_animation=\"none\"]<img class=\"alignnone size-medium wp-image-7838\" src=\"https:\/\/teixeiratrigo.com\/home\/wp-content\/uploads\/2020\/10\/TT3-300x300.jpg\" alt=\"\" width=\"300\" height=\"300\" \/>[\/vc_hoverbox]<\/div><\/div><\/div><div class=\"wpb_column brando-column-container  vc_col-sm-12 col-xs-mobile-fullwidth\" data-front-class=\"brando-column-container  col-xs-mobile-fullwidth\"><div class=\"vc-column-innner-wrapper\"><div class=\"wpd-innner-wrapper\">[vc_empty_space height=\"150px\"]<div class=\"brando_text_1600943949-2-90\"><h6 class=\"p1\"><b>Contactos por \u00e1reas de atividade:<\/b><\/h6>\n<p class=\"p1\"><strong>Gest\u00e3o Integrada de Empreendimentos da Constru\u00e7\u00e3o:<\/strong><\/p>\n<p class=\"p1\"><a href=\"mailto:pedrotrigo@teixeiratrigo.pt\"><img class=\"alignnone wp-image-6031\" src=\"https:\/\/teixeiratrigo.com\/home\/wp-content\/uploads\/2020\/09\/e-mail_50x50.png\" alt=\"\" width=\"30\" height=\"30\" \/><\/a>\u00a0 \u00a0<a href=\"mailto:pedrotrigo@teixeiratrigo.pt\">pedrotrigo@teixeiratrigo.pt<\/a><\/p>\n<p><a href=\"mailto:joaogarcia@teixeiratrigo.pt\"><img class=\"alignnone wp-image-6031\" src=\"https:\/\/teixeiratrigo.com\/home\/wp-content\/uploads\/2020\/09\/e-mail_50x50.png\" alt=\"\" width=\"30\" height=\"30\" \/><\/a>\u00a0 \u00a0<a href=\"mailto:joaogarcia@teixeiratrigo.pt\">joaogarcia@teixeiratrigo.pt<\/a><\/p>\n<p class=\"p1\"><strong>Estudos e Projetos de Arquitetura:<\/strong><\/p>\n<p class=\"p1\"><a href=\"mailto:luisatrigo@teixeiratrigo.pt\"><img class=\"alignnone wp-image-6031\" src=\"https:\/\/teixeiratrigo.com\/home\/wp-content\/uploads\/2020\/09\/e-mail_50x50.png\" alt=\"\" width=\"30\" height=\"30\" \/><\/a>\u00a0 <a href=\"mailto:luisatrigo@teixeiratrigo.pt\">luisatrigo@teixeiratrigo.pt<\/a><\/p>\n<p class=\"p1\"><strong>Estudos e Projetos de Engenharia:<\/strong><\/p>\n<p class=\"p1\"><a href=\"mailto:joaogarcia@teixeiratrigo.pt\"><img class=\"alignnone wp-image-6031\" src=\"https:\/\/teixeiratrigo.com\/home\/wp-content\/uploads\/2020\/09\/e-mail_50x50.png\" alt=\"\" width=\"30\" height=\"30\" \/><\/a>\u00a0 <a href=\"mailto:joaogarcia@teixeiratrigo.pt\">joaogarcia@teixeiratrigo.pt<\/a><\/p>\n<p class=\"p1\"><a href=\"mailto:\u00a0joaocarvalho@teixeiratrigo.pt\"><img class=\"alignnone wp-image-6031\" src=\"https:\/\/teixeiratrigo.com\/home\/wp-content\/uploads\/2020\/09\/e-mail_50x50.png\" alt=\"\" width=\"30\" height=\"30\" \/><\/a> \u00a0<a href=\"mailto:joaocarvalho@teixeiratrigo.pt\">joaocarvalho<\/a><a href=\"mailto:joaocarvalho@teixeiratrigo.pt\">@teixeiratrigo.pt<\/a><\/p>\n<p class=\"p1\"><strong>Gest\u00e3o e Fiscaliza\u00e7\u00e3o de Obras:<\/strong><\/p>\n<p class=\"p1\"><a href=\"mailto:pedrotrigo@teixeiratrigo.pt\"><img class=\"alignnone wp-image-6031\" src=\"https:\/\/teixeiratrigo.com\/home\/wp-content\/uploads\/2020\/09\/e-mail_50x50.png\" alt=\"\" width=\"30\" height=\"30\" \/><\/a> \u00a0<a href=\"mailto:pedrotrigo@teixeiratrigo.pt\">pedrotrigo@teixeiratrigo.pt<\/a><\/p>\n<p><a href=\"mailto:\u00a0margaridawinck@teixeiratrigo.pt\"><img class=\"alignnone wp-image-6031\" src=\"https:\/\/teixeiratrigo.com\/home\/wp-content\/uploads\/2020\/09\/e-mail_50x50.png\" alt=\"\" width=\"30\" height=\"30\" \/><\/a> \u00a0<a href=\"mailto:margaridawinck@teixeiratrigo.pt\">margaridawinck<\/a><a href=\"mailto:margaridawinck@teixeiratrigo.pt\">@teixeiratrigo.pt<\/a><\/p>\n<p><a href=\"mailto:\u00a0franciscobarbosa@teixeiratrigo.pt\"><img class=\"alignnone wp-image-6031\" src=\"https:\/\/teixeiratrigo.com\/home\/wp-content\/uploads\/2020\/09\/e-mail_50x50.png\" alt=\"\" width=\"30\" height=\"30\" \/><\/a> \u00a0<a href=\"mailto:franciscobarbosa@teixeiratrigo.pt\">franciscobarbosa<\/a><a href=\"mailto:franciscobarbosa@teixeiratrigo.pt\">@teixeiratrigo.pt<\/a><\/p>\n<\/div><\/div><\/div><\/div><\/div><\/div><\/section><section  class=\"brando_row_1600942101-2-28 position-relative bg-image-srcset fix-background\" style=\"background: url(https:\/\/teixeiratrigo.com\/home\/wp-content\/uploads\/2020\/09\/Contacto1.jpg) no-repeat;\" data-bg-srcset=\"https:\/\/teixeiratrigo.com\/home\/wp-content\/uploads\/2020\/09\/Contacto1.jpg 1920w, https:\/\/teixeiratrigo.com\/home\/wp-content\/uploads\/2020\/09\/Contacto1-300x156.jpg 300w, https:\/\/teixeiratrigo.com\/home\/wp-content\/uploads\/2020\/09\/Contacto1-1024x533.jpg 1024w, https:\/\/teixeiratrigo.com\/home\/wp-content\/uploads\/2020\/09\/Contacto1-768x400.jpg 768w, https:\/\/teixeiratrigo.com\/home\/wp-content\/uploads\/2020\/09\/Contacto1-1536x800.jpg 1536w, https:\/\/teixeiratrigo.com\/home\/wp-content\/uploads\/2020\/09\/Contacto1-420x219.jpg 420w, https:\/\/teixeiratrigo.com\/home\/wp-content\/uploads\/2020\/09\/Contacto1-1200x625.jpg 1200w\"><div class=\"opacity-full\" style=\" opacity:0.3; background-color:#ff5940;\"><\/div><div class=\"container\"><div class=\"row\"><div class=\"wpb_column brando-column-container  position-relative vc_col-sm-12 vc_col-md-12 vc_col-xs-12 text-center\" data-front-class=\"brando-column-container  position-relative text-center\"><div class=\"vc-column-innner-wrapper\"><div class=\"wpd-innner-wrapper\">[vc_empty_space height=\"50px\"]<\/div><\/div><\/div><\/div><\/div><\/section>\n","protected":false},"excerpt":{"rendered":"<p>ContactosSede Telefone: (+351) 218 538 160 | (+351) 914 808 180 Correio Eletr\u00f3nico \u00a0 \u00a0teixeiratrigo@teixeiratrigo.pt Morada \u00a0 Avenida Cidade de Luanda, Lote 485, R\/C Dt\u00ba, 1800 \u2013 099 LISBOA LinkedIn \u00a0 \u00a0www.linkedin.com [vc_hoverbox image=&#8221;7832&#8243; primary_title=&#8221;&#8221; hover_title=&#8221;&#8221; shape=&#8221;square&#8221; hover_background_color=&#8221;white&#8221; css_animation=&#8221;none&#8221;][\/vc_hoverbox][vc_empty_space height=&#8221;150px&#8221;]Contactos por \u00e1reas de atividade: Gest\u00e3o Integrada de Empreendimentos da Constru\u00e7\u00e3o: \u00a0 \u00a0pedrotrigo@teixeiratrigo.pt \u00a0 \u00a0joaogarcia@teixeiratrigo.pt Estudos [&hellip;]<\/p>\n","protected":false},"author":1,"featured_media":0,"parent":0,"menu_order":0,"comment_status":"closed","ping_status":"closed","template":"","meta":[],"_links":{"self":[{"href":"https:\/\/teixeiratrigo.com\/home\/wp-json\/wp\/v2\/pages\/5664"}],"collection":[{"href":"https:\/\/teixeiratrigo.com\/home\/wp-json\/wp\/v2\/pages"}],"about":[{"href":"https:\/\/teixeiratrigo.com\/home\/wp-json\/wp\/v2\/types\/page"}],"author":[{"embeddable":true,"href":"https:\/\/teixeiratrigo.com\/home\/wp-json\/wp\/v2\/users\/1"}],"replies":[{"embeddable":true,"href":"https:\/\/teixeiratrigo.com\/home\/wp-json\/wp\/v2\/comments?post=5664"}],"version-history":[{"count":48,"href":"https:\/\/teixeiratrigo.com\/home\/wp-json\/wp\/v2\/pages\/5664\/revisions"}],"predecessor-version":[{"id":9699,"href":"https:\/\/teixeiratrigo.com\/home\/wp-json\/wp\/v2\/pages\/5664\/revisions\/9699"}],"wp:attachment":[{"href":"https:\/\/teixeiratrigo.com\/home\/wp-json\/wp\/v2\/media?parent=5664"}],"curies":[{"name":"wp","href":"https:\/\/api.w.org\/{rel}","templated":true}]}}